{"id":273,"date":"2023-05-26T02:44:30","date_gmt":"2023-05-26T02:44:30","guid":{"rendered":"https:\/\/inscripciones.eduavance.com\/?post_type=product&#038;p=273"},"modified":"2023-05-26T03:16:20","modified_gmt":"2023-05-26T03:16:20","slug":"curso-inteligencia-artificial-en-educacion","status":"publish","type":"product","link":"https:\/\/inscripciones.eduavance.com\/index.php\/producto\/curso-inteligencia-artificial-en-educacion\/","title":{"rendered":"Curso: Inteligencia Artificial en Educaci\u00f3n"},"content":{"rendered":"<p>Horas: 40<span class=\"Apple-converted-space\">\u00a0<\/span><\/p>\n<p>Modalidad: H\u00edbrida, asincr\u00f3nica y tutorada.<span class=\"Apple-converted-space\">\u00a0<\/span><\/p>\n<p>COMPETENCIAS A DESARROLLAR:<\/p>\n<p>General:<\/p>\n<p>Aplicar herramientas de IA, desde una \u00e9tica responsable y equitativa, en los procesos de ense\u00f1anza aprendizaje, para promover aprendizajes significativos, permanentes, situados y reflexivos.<\/p>\n<p>Espec\u00edficas:<\/p>\n<ul>\n<li>Reconocer a la Big Data como elemento fundamental en la construcci\u00f3n de modelos de an\u00e1lisis de datos para el fortalecimiento de los procesos de ense\u00f1anza aprendizaje.<\/li>\n<li>Identificar a la IA como una herramienta de soporte que posibilita optimizar los procesos de ense\u00f1anza aprendizaje.<\/li>\n<li>Dise\u00f1ar estrategias en los procesos de ense\u00f1anza aprendizaje a partir de la estructuraci\u00f3n de situaciones en las que los estudiantes y docentes apliquen la IA.<\/li>\n<li>Desempe\u00f1ar un papel de liderazgo en el uso de la innovaci\u00f3n tecnol\u00f3gica y el aprendizaje permanente enriquecido con TIC basadas en IA.<\/li>\n<li>Identificar los principales desaf\u00edos \u00e9ticos, de privacidad y de seguridad de la informaci\u00f3n derivados del uso de la IA en educaci\u00f3n, para promover su uso responsable y equitativo.<\/li>\n<\/ul>\n<p>TEMAS:<\/p>\n<ol>\n<li>Big data, anal\u00edtica del aprendizaje, e Inteligencia Artificial (IA)<\/li>\n<li>IA en la docencia<\/li>\n<li>IA para el aprendizaje<\/li>\n<li>Desaf\u00edos \u00e9ticos, de privacidad y de seguridad derivados de la IA<\/li>\n<\/ol>\n<p>FECHAS DE INICIO:<span class=\"Apple-converted-space\">\u00a0<\/span><\/p>\n<p>Primer cohorte: 31 de julio de 2023<\/p>\n<p>Segundo cohorte: 4 de septiembre de 2023<\/p>\n","protected":false},"excerpt":{"rendered":"<p>&nbsp;<\/p>\n<p>Horas: 40<\/p>\n<p>Modalidad: H\u00edbrida, asincr\u00f3nica y tutorada.<\/p>\n<p>COMPETENCIAS A DESARROLLAR:<\/p>\n<p>General:<\/p>\n<p>Aplicar herramientas de IA, desde una \u00e9tica responsable y equitativa, en los procesos de ense\u00f1anza aprendizaje, para promover aprendizajes significativos, permanentes, situados y reflexivos.<\/p>\n<p>Espec\u00edficas:<\/p>\n<ul>\n<li>Reconocer a la Big Data como elemento fundamental en la construcci\u00f3n de modelos de an\u00e1lisis de datos para el fortalecimiento de los procesos de ense\u00f1anza aprendizaje.<\/li>\n<li>Identificar a la IA como una herramienta de soporte que posibilita optimizar los procesos de ense\u00f1anza aprendizaje.<\/li>\n<li>Dise\u00f1ar estrategias en los procesos de ense\u00f1anza aprendizaje a partir de la estructuraci\u00f3n de situaciones en las que los estudiantes y docentes apliquen la IA.<\/li>\n<li>Desempe\u00f1ar un papel de liderazgo en el uso de la innovaci\u00f3n tecnol\u00f3gica y el aprendizaje permanente enriquecido con TIC basadas en IA.<\/li>\n<li>Identificar los principales desaf\u00edos \u00e9ticos, de privacidad y de seguridad de la informaci\u00f3n derivados del uso de la IA en educaci\u00f3n, para promover su uso responsable y equitativo.<\/li>\n<\/ul>\n<p>TEMAS:<\/p>\n<ol>\n<li>Big data, anal\u00edtica del aprendizaje, e Inteligencia Artificial (IA)<\/li>\n<li>IA en la docencia<\/li>\n<li>IA para el aprendizaje<\/li>\n<li>Desaf\u00edos \u00e9ticos, de privacidad y de seguridad derivados de la IA<\/li>\n<\/ol>\n<p>FECHAS DE INICIO:<\/p>\n<p>Primer cohorte: 31 de julio de 2023<\/p>\n<p>Segundo cohorte: 4 de septiembre de 2023<\/p>\n<p><a href=\"https:\/\/inscripciones.eduavance.com\/wp-content\/uploads\/2023\/05\/ProgramaCursoIA.pdf\" target=\"_blank\" rel=\"noopener\">Ver programa completo<\/a><\/p>\n","protected":false},"featured_media":279,"comment_status":"closed","ping_status":"closed","template":"","meta":{"site-sidebar-layout":"default","site-content-layout":"default","ast-global-header-display":"","ast-main-header-display":"","ast-hfb-above-header-display":"","ast-hfb-below-header-display":"","ast-hfb-mobile-header-display":"","site-post-title":"","ast-breadcrumbs-content":"","ast-featured-img":"","footer-sml-layout":"","theme-transparent-header-meta":"default","adv-header-id-meta":"","stick-header-meta":"","header-above-stick-meta":"","header-main-stick-meta":"","header-below-stick-meta":""},"product_brand":[],"product_cat":[15],"product_tag":[],"class_list":{"0":"post-273","1":"product","2":"type-product","3":"status-publish","4":"has-post-thumbnail","6":"product_cat-cursos","7":"desktop-align-left","8":"tablet-align-left","9":"mobile-align-left","11":"first","12":"instock","13":"shipping-taxable","14":"purchasable","15":"product-type-variable","16":"has-default-attributes"},"yoast_head":"<!-- This site is optimized with the Yoast SEO plugin v25.4 - https:\/\/yoast.com\/wordpress\/plugins\/seo\/ -->\n<title>Curso: Inteligencia Artificial en Educaci\u00f3n - Grupo Avance Educativo | Eduavance<\/title>\n<meta name=\"description\" content=\"Grupo Avance Educativo | Eduavance Curso: Inteligencia Artificial en Educaci\u00f3n -\" \/>\n<meta name=\"robots\" content=\"index, follow, max-snippet:-1, max-image-preview:large, max-video-preview:-1\" \/>\n<link rel=\"canonical\" href=\"https:\/\/inscripciones.eduavance.com\/index.php\/producto\/curso-inteligencia-artificial-en-educacion\/\" \/>\n<meta property=\"og:locale\" content=\"es_ES\" \/>\n<meta property=\"og:type\" content=\"article\" \/>\n<meta property=\"og:title\" content=\"Curso: Inteligencia Artificial en Educaci\u00f3n - Grupo Avance Educativo | Eduavance\" \/>\n<meta property=\"og:description\" content=\"Grupo Avance Educativo | Eduavance Curso: Inteligencia Artificial en Educaci\u00f3n -\" \/>\n<meta property=\"og:url\" content=\"https:\/\/inscripciones.eduavance.com\/index.php\/producto\/curso-inteligencia-artificial-en-educacion\/\" \/>\n<meta property=\"og:site_name\" content=\"Grupo Avance Educativo | Eduavance\" \/>\n<meta property=\"article:publisher\" content=\"https:\/\/www.facebook.com\/eduavance\" \/>\n<meta property=\"article:modified_time\" content=\"2023-05-26T03:16:20+00:00\" \/>\n<meta property=\"og:image\" content=\"https:\/\/inscripciones.eduavance.com\/wp-content\/uploads\/2023\/05\/portada-ia.jpg\" \/>\n\t<meta property=\"og:image:width\" content=\"1296\" \/>\n\t<meta property=\"og:image:height\" content=\"1728\" \/>\n\t<meta property=\"og:image:type\" content=\"image\/jpeg\" \/>\n<meta name=\"twitter:card\" content=\"summary_large_image\" \/>\n<meta name=\"twitter:label1\" content=\"Tiempo de lectura\" \/>\n\t<meta name=\"twitter:data1\" content=\"1 minuto\" \/>\n<script type=\"application\/ld+json\" class=\"yoast-schema-graph\">{\"@context\":\"https:\/\/schema.org\",\"@graph\":[{\"@type\":\"WebPage\",\"@id\":\"https:\/\/inscripciones.eduavance.com\/index.php\/producto\/curso-inteligencia-artificial-en-educacion\/\",\"url\":\"https:\/\/inscripciones.eduavance.com\/index.php\/producto\/curso-inteligencia-artificial-en-educacion\/\",\"name\":\"Curso: Inteligencia Artificial en Educaci\u00f3n - Grupo Avance Educativo | Eduavance\",\"isPartOf\":{\"@id\":\"https:\/\/inscripciones.eduavance.com\/#website\"},\"primaryImageOfPage\":{\"@id\":\"https:\/\/inscripciones.eduavance.com\/index.php\/producto\/curso-inteligencia-artificial-en-educacion\/#primaryimage\"},\"image\":{\"@id\":\"https:\/\/inscripciones.eduavance.com\/index.php\/producto\/curso-inteligencia-artificial-en-educacion\/#primaryimage\"},\"thumbnailUrl\":\"https:\/\/inscripciones.eduavance.com\/wp-content\/uploads\/2023\/05\/portada-ia.jpg\",\"datePublished\":\"2023-05-26T02:44:30+00:00\",\"dateModified\":\"2023-05-26T03:16:20+00:00\",\"description\":\"Grupo Avance Educativo | Eduavance Curso: Inteligencia Artificial en Educaci\u00f3n -\",\"breadcrumb\":{\"@id\":\"https:\/\/inscripciones.eduavance.com\/index.php\/producto\/curso-inteligencia-artificial-en-educacion\/#breadcrumb\"},\"inLanguage\":\"es\",\"potentialAction\":[{\"@type\":\"ReadAction\",\"target\":[\"https:\/\/inscripciones.eduavance.com\/index.php\/producto\/curso-inteligencia-artificial-en-educacion\/\"]}]},{\"@type\":\"ImageObject\",\"inLanguage\":\"es\",\"@id\":\"https:\/\/inscripciones.eduavance.com\/index.php\/producto\/curso-inteligencia-artificial-en-educacion\/#primaryimage\",\"url\":\"https:\/\/inscripciones.eduavance.com\/wp-content\/uploads\/2023\/05\/portada-ia.jpg\",\"contentUrl\":\"https:\/\/inscripciones.eduavance.com\/wp-content\/uploads\/2023\/05\/portada-ia.jpg\",\"width\":1296,\"height\":1728},{\"@type\":\"BreadcrumbList\",\"@id\":\"https:\/\/inscripciones.eduavance.com\/index.php\/producto\/curso-inteligencia-artificial-en-educacion\/#breadcrumb\",\"itemListElement\":[{\"@type\":\"ListItem\",\"position\":1,\"name\":\"Portada\",\"item\":\"https:\/\/inscripciones.eduavance.com\/\"},{\"@type\":\"ListItem\",\"position\":2,\"name\":\"Tienda\",\"item\":\"https:\/\/inscripciones.eduavance.com\/index.php\/tienda\/\"},{\"@type\":\"ListItem\",\"position\":3,\"name\":\"Curso: Inteligencia Artificial en Educaci\u00f3n\"}]},{\"@type\":\"WebSite\",\"@id\":\"https:\/\/inscripciones.eduavance.com\/#website\",\"url\":\"https:\/\/inscripciones.eduavance.com\/\",\"name\":\"Grupo Avance Educativo | Eduavance\",\"description\":\"Servicios educativos para el Siglo XXI\",\"publisher\":{\"@id\":\"https:\/\/inscripciones.eduavance.com\/#organization\"},\"potentialAction\":[{\"@type\":\"SearchAction\",\"target\":{\"@type\":\"EntryPoint\",\"urlTemplate\":\"https:\/\/inscripciones.eduavance.com\/?s={search_term_string}\"},\"query-input\":{\"@type\":\"PropertyValueSpecification\",\"valueRequired\":true,\"valueName\":\"search_term_string\"}}],\"inLanguage\":\"es\"},{\"@type\":\"Organization\",\"@id\":\"https:\/\/inscripciones.eduavance.com\/#organization\",\"name\":\"Grupo Avance Educativo | Eduavance\",\"url\":\"https:\/\/inscripciones.eduavance.com\/\",\"logo\":{\"@type\":\"ImageObject\",\"inLanguage\":\"es\",\"@id\":\"https:\/\/inscripciones.eduavance.com\/#\/schema\/logo\/image\/\",\"url\":\"https:\/\/inscripciones.eduavance.com\/wp-content\/uploads\/2021\/07\/cropped-LogoBlack.png\",\"contentUrl\":\"https:\/\/inscripciones.eduavance.com\/wp-content\/uploads\/2021\/07\/cropped-LogoBlack.png\",\"width\":350,\"height\":68,\"caption\":\"Grupo Avance Educativo | Eduavance\"},\"image\":{\"@id\":\"https:\/\/inscripciones.eduavance.com\/#\/schema\/logo\/image\/\"},\"sameAs\":[\"https:\/\/www.facebook.com\/eduavance\",\"https:\/\/www.instagram.com\/eduavance\/\",\"https:\/\/www.youtube.com\/c\/CursosGAE\"]}]}<\/script>\n<!-- \/ Yoast SEO plugin. -->","yoast_head_json":{"title":"Curso: Inteligencia Artificial en Educaci\u00f3n - Grupo Avance Educativo | Eduavance","description":"Grupo Avance Educativo | Eduavance Curso: Inteligencia Artificial en Educaci\u00f3n -","robots":{"index":"index","follow":"follow","max-snippet":"max-snippet:-1","max-image-preview":"max-image-preview:large","max-video-preview":"max-video-preview:-1"},"canonical":"https:\/\/inscripciones.eduavance.com\/index.php\/producto\/curso-inteligencia-artificial-en-educacion\/","og_locale":"es_ES","og_type":"article","og_title":"Curso: Inteligencia Artificial en Educaci\u00f3n - Grupo Avance Educativo | Eduavance","og_description":"Grupo Avance Educativo | Eduavance Curso: Inteligencia Artificial en Educaci\u00f3n -","og_url":"https:\/\/inscripciones.eduavance.com\/index.php\/producto\/curso-inteligencia-artificial-en-educacion\/","og_site_name":"Grupo Avance Educativo | Eduavance","article_publisher":"https:\/\/www.facebook.com\/eduavance","article_modified_time":"2023-05-26T03:16:20+00:00","og_image":[{"width":1296,"height":1728,"url":"https:\/\/inscripciones.eduavance.com\/wp-content\/uploads\/2023\/05\/portada-ia.jpg","type":"image\/jpeg"}],"twitter_card":"summary_large_image","twitter_misc":{"Tiempo de lectura":"1 minuto"},"schema":{"@context":"https:\/\/schema.org","@graph":[{"@type":"WebPage","@id":"https:\/\/inscripciones.eduavance.com\/index.php\/producto\/curso-inteligencia-artificial-en-educacion\/","url":"https:\/\/inscripciones.eduavance.com\/index.php\/producto\/curso-inteligencia-artificial-en-educacion\/","name":"Curso: Inteligencia Artificial en Educaci\u00f3n - Grupo Avance Educativo | Eduavance","isPartOf":{"@id":"https:\/\/inscripciones.eduavance.com\/#website"},"primaryImageOfPage":{"@id":"https:\/\/inscripciones.eduavance.com\/index.php\/producto\/curso-inteligencia-artificial-en-educacion\/#primaryimage"},"image":{"@id":"https:\/\/inscripciones.eduavance.com\/index.php\/producto\/curso-inteligencia-artificial-en-educacion\/#primaryimage"},"thumbnailUrl":"https:\/\/inscripciones.eduavance.com\/wp-content\/uploads\/2023\/05\/portada-ia.jpg","datePublished":"2023-05-26T02:44:30+00:00","dateModified":"2023-05-26T03:16:20+00:00","description":"Grupo Avance Educativo | Eduavance Curso: Inteligencia Artificial en Educaci\u00f3n -","breadcrumb":{"@id":"https:\/\/inscripciones.eduavance.com\/index.php\/producto\/curso-inteligencia-artificial-en-educacion\/#breadcrumb"},"inLanguage":"es","potentialAction":[{"@type":"ReadAction","target":["https:\/\/inscripciones.eduavance.com\/index.php\/producto\/curso-inteligencia-artificial-en-educacion\/"]}]},{"@type":"ImageObject","inLanguage":"es","@id":"https:\/\/inscripciones.eduavance.com\/index.php\/producto\/curso-inteligencia-artificial-en-educacion\/#primaryimage","url":"https:\/\/inscripciones.eduavance.com\/wp-content\/uploads\/2023\/05\/portada-ia.jpg","contentUrl":"https:\/\/inscripciones.eduavance.com\/wp-content\/uploads\/2023\/05\/portada-ia.jpg","width":1296,"height":1728},{"@type":"BreadcrumbList","@id":"https:\/\/inscripciones.eduavance.com\/index.php\/producto\/curso-inteligencia-artificial-en-educacion\/#breadcrumb","itemListElement":[{"@type":"ListItem","position":1,"name":"Portada","item":"https:\/\/inscripciones.eduavance.com\/"},{"@type":"ListItem","position":2,"name":"Tienda","item":"https:\/\/inscripciones.eduavance.com\/index.php\/tienda\/"},{"@type":"ListItem","position":3,"name":"Curso: Inteligencia Artificial en Educaci\u00f3n"}]},{"@type":"WebSite","@id":"https:\/\/inscripciones.eduavance.com\/#website","url":"https:\/\/inscripciones.eduavance.com\/","name":"Grupo Avance Educativo | Eduavance","description":"Servicios educativos para el Siglo XXI","publisher":{"@id":"https:\/\/inscripciones.eduavance.com\/#organization"},"potentialAction":[{"@type":"SearchAction","target":{"@type":"EntryPoint","urlTemplate":"https:\/\/inscripciones.eduavance.com\/?s={search_term_string}"},"query-input":{"@type":"PropertyValueSpecification","valueRequired":true,"valueName":"search_term_string"}}],"inLanguage":"es"},{"@type":"Organization","@id":"https:\/\/inscripciones.eduavance.com\/#organization","name":"Grupo Avance Educativo | Eduavance","url":"https:\/\/inscripciones.eduavance.com\/","logo":{"@type":"ImageObject","inLanguage":"es","@id":"https:\/\/inscripciones.eduavance.com\/#\/schema\/logo\/image\/","url":"https:\/\/inscripciones.eduavance.com\/wp-content\/uploads\/2021\/07\/cropped-LogoBlack.png","contentUrl":"https:\/\/inscripciones.eduavance.com\/wp-content\/uploads\/2021\/07\/cropped-LogoBlack.png","width":350,"height":68,"caption":"Grupo Avance Educativo | Eduavance"},"image":{"@id":"https:\/\/inscripciones.eduavance.com\/#\/schema\/logo\/image\/"},"sameAs":["https:\/\/www.facebook.com\/eduavance","https:\/\/www.instagram.com\/eduavance\/","https:\/\/www.youtube.com\/c\/CursosGAE"]}]}},"jetpack_sharing_enabled":true,"_links":{"self":[{"href":"https:\/\/inscripciones.eduavance.com\/index.php\/wp-json\/wp\/v2\/product\/273","targetHints":{"allow":["GET"]}}],"collection":[{"href":"https:\/\/inscripciones.eduavance.com\/index.php\/wp-json\/wp\/v2\/product"}],"about":[{"href":"https:\/\/inscripciones.eduavance.com\/index.php\/wp-json\/wp\/v2\/types\/product"}],"replies":[{"embeddable":true,"href":"https:\/\/inscripciones.eduavance.com\/index.php\/wp-json\/wp\/v2\/comments?post=273"}],"wp:featuredmedia":[{"embeddable":true,"href":"https:\/\/inscripciones.eduavance.com\/index.php\/wp-json\/wp\/v2\/media\/279"}],"wp:attachment":[{"href":"https:\/\/inscripciones.eduavance.com\/index.php\/wp-json\/wp\/v2\/media?parent=273"}],"wp:term":[{"taxonomy":"product_brand","embeddable":true,"href":"https:\/\/inscripciones.eduavance.com\/index.php\/wp-json\/wp\/v2\/product_brand?post=273"},{"taxonomy":"product_cat","embeddable":true,"href":"https:\/\/inscripciones.eduavance.com\/index.php\/wp-json\/wp\/v2\/product_cat?post=273"},{"taxonomy":"product_tag","embeddable":true,"href":"https:\/\/inscripciones.eduavance.com\/index.php\/wp-json\/wp\/v2\/product_tag?post=273"}],"curies":[{"name":"wp","href":"https:\/\/api.w.org\/{rel}","templated":true}]}}