{"id":76,"date":"2021-07-20T22:25:43","date_gmt":"2021-07-20T22:25:43","guid":{"rendered":"https:\/\/inscripciones.eduavance.com\/wordpress\/?post_type=product&#038;p=76"},"modified":"2023-03-03T17:35:39","modified_gmt":"2023-03-03T17:35:39","slug":"diplomado-en-formacion-docente","status":"publish","type":"product","link":"https:\/\/inscripciones.eduavance.com\/index.php\/producto\/diplomado-en-formacion-docente\/","title":{"rendered":"Diplomado en Formaci\u00f3n Docente &#8211; desde $4,500 MXN"},"content":{"rendered":"<p>Horas: 170<br \/>\nModalidad: Virtual asincr\u00f3nica. Contar\u00e1 con el apoyo de un tutor, asincr\u00f3nico, para consulta de dudas y retroalimentaci\u00f3n.<\/p>\n<p>Una vez iniciado el diplomado, el participante contar\u00e1 con 6 meses para completar todas las actividades y en su caso obtener su diploma al acreditar al menos el 80% de las actividades.<\/p>\n<p>PR\u00d3XIMA EDICI\u00d3N: programa activo de manera permanente en modalidad virtual asincr\u00f3nica.<\/p>\n","protected":false},"excerpt":{"rendered":"<p>Horas: 170<br \/>\nModalidad: Virtual asincr\u00f3nica. Contar\u00e1 con el apoyo de un tutor, asincr\u00f3nico, para consulta de dudas y retroalimentaci\u00f3n.<\/p>\n<p>Una vez iniciado el diplomado, el participante contar\u00e1 con 6 meses para completar todas las actividades y en su caso obtener su diploma al acreditar al menos el 80% de las actividades.<\/p>\n<p>PR\u00d3XIMA EDICI\u00d3N: programa activo de manera permanente en modalidad virtual asincr\u00f3nica.<\/p>\n<p>Objetivo<\/p>\n<p>Aplicar estrategias did\u00e1cticas y tecnolog\u00edas novedosas en el proceso de ense\u00f1anza-aprendizaje para resignificar la ense\u00f1anza de la Ciencias Ambientales, Sociales y Human\u00edsticas ante el nuevo contexto educativo.<\/p>\n<p>M\u00f3dulo 1: Un nuevo contexto educativo en las ciencias ambientales, sociales y human\u00edsticas.<br \/>\nM\u00f3dulo 2: Nuevas modalidades educativas y tendencias en el dise\u00f1o instruccional pedag\u00f3gico.<br \/>\nM\u00f3dulo 3: Estrategias did\u00e1cticas y tecnolog\u00edas novedosas en ambientes de aprendizaje.<br \/>\nM\u00f3dulo 4: Aplicando lo aprendido.<\/p>\n<p><a href=\"https:\/\/inscripciones.eduavance.com\/wp-content\/uploads\/2021\/07\/Diplomado_Formacion_Docente_2022.pdf\" target=\"_blank\" rel=\"noopener\">Ver programa completo<\/a><br \/>\n<a href=\"https:\/\/cursosuaem.eduavance.com\" target=\"_blank\" rel=\"noopener\">Ver minisitio<\/a><\/p>\n","protected":false},"featured_media":253,"comment_status":"closed","ping_status":"closed","template":"","meta":{"site-sidebar-layout":"default","site-content-layout":"default","ast-global-header-display":"","ast-main-header-display":"","ast-hfb-above-header-display":"","ast-hfb-below-header-display":"","ast-hfb-mobile-header-display":"","site-post-title":"","ast-breadcrumbs-content":"","ast-featured-img":"","footer-sml-layout":"","theme-transparent-header-meta":"default","adv-header-id-meta":"","stick-header-meta":"","header-above-stick-meta":"","header-main-stick-meta":"","header-below-stick-meta":""},"product_brand":[],"product_cat":[15],"product_tag":[],"class_list":{"0":"post-76","1":"product","2":"type-product","3":"status-publish","4":"has-post-thumbnail","6":"product_cat-cursos","7":"desktop-align-left","8":"tablet-align-left","9":"mobile-align-left","11":"first","12":"instock","13":"shipping-taxable","14":"purchasable","15":"product-type-variable"},"yoast_head":"<!-- This site is optimized with the Yoast SEO plugin v25.4 - https:\/\/yoast.com\/wordpress\/plugins\/seo\/ -->\n<title>Diplomado en Formaci\u00f3n Docente - desde $4,500 MXN - Grupo Avance Educativo | Eduavance<\/title>\n<meta name=\"description\" content=\"Grupo Avance Educativo | Eduavance Diplomado en Formaci\u00f3n Docente - desde $4,500 MXN -\" \/>\n<meta name=\"robots\" content=\"index, follow, max-snippet:-1, max-image-preview:large, max-video-preview:-1\" \/>\n<link rel=\"canonical\" href=\"https:\/\/inscripciones.eduavance.com\/index.php\/producto\/diplomado-en-formacion-docente\/\" \/>\n<meta property=\"og:locale\" content=\"es_ES\" \/>\n<meta property=\"og:type\" content=\"article\" \/>\n<meta property=\"og:title\" content=\"Diplomado en Formaci\u00f3n Docente - desde $4,500 MXN - Grupo Avance Educativo | Eduavance\" \/>\n<meta property=\"og:description\" content=\"Grupo Avance Educativo | Eduavance Diplomado en Formaci\u00f3n Docente - desde $4,500 MXN -\" \/>\n<meta property=\"og:url\" content=\"https:\/\/inscripciones.eduavance.com\/index.php\/producto\/diplomado-en-formacion-docente\/\" \/>\n<meta property=\"og:site_name\" content=\"Grupo Avance Educativo | Eduavance\" \/>\n<meta property=\"article:publisher\" content=\"https:\/\/www.facebook.com\/eduavance\" \/>\n<meta property=\"article:modified_time\" content=\"2023-03-03T17:35:39+00:00\" \/>\n<meta property=\"og:image\" content=\"https:\/\/inscripciones.eduavance.com\/wp-content\/uploads\/2021\/07\/poster-FD-UAEM-v3.png\" \/>\n\t<meta property=\"og:image:width\" content=\"617\" \/>\n\t<meta property=\"og:image:height\" content=\"843\" \/>\n\t<meta property=\"og:image:type\" content=\"image\/png\" \/>\n<meta name=\"twitter:card\" content=\"summary_large_image\" \/>\n<meta name=\"twitter:label1\" content=\"Tiempo de lectura\" \/>\n\t<meta name=\"twitter:data1\" content=\"1 minuto\" \/>\n<script type=\"application\/ld+json\" class=\"yoast-schema-graph\">{\"@context\":\"https:\/\/schema.org\",\"@graph\":[{\"@type\":\"WebPage\",\"@id\":\"https:\/\/inscripciones.eduavance.com\/index.php\/producto\/diplomado-en-formacion-docente\/\",\"url\":\"https:\/\/inscripciones.eduavance.com\/index.php\/producto\/diplomado-en-formacion-docente\/\",\"name\":\"Diplomado en Formaci\u00f3n Docente - desde $4,500 MXN - Grupo Avance Educativo | Eduavance\",\"isPartOf\":{\"@id\":\"https:\/\/inscripciones.eduavance.com\/#website\"},\"primaryImageOfPage\":{\"@id\":\"https:\/\/inscripciones.eduavance.com\/index.php\/producto\/diplomado-en-formacion-docente\/#primaryimage\"},\"image\":{\"@id\":\"https:\/\/inscripciones.eduavance.com\/index.php\/producto\/diplomado-en-formacion-docente\/#primaryimage\"},\"thumbnailUrl\":\"https:\/\/inscripciones.eduavance.com\/wp-content\/uploads\/2021\/07\/poster-FD-UAEM-v3.png\",\"datePublished\":\"2021-07-20T22:25:43+00:00\",\"dateModified\":\"2023-03-03T17:35:39+00:00\",\"description\":\"Grupo Avance Educativo | Eduavance Diplomado en Formaci\u00f3n Docente - desde $4,500 MXN -\",\"breadcrumb\":{\"@id\":\"https:\/\/inscripciones.eduavance.com\/index.php\/producto\/diplomado-en-formacion-docente\/#breadcrumb\"},\"inLanguage\":\"es\",\"potentialAction\":[{\"@type\":\"ReadAction\",\"target\":[\"https:\/\/inscripciones.eduavance.com\/index.php\/producto\/diplomado-en-formacion-docente\/\"]}]},{\"@type\":\"ImageObject\",\"inLanguage\":\"es\",\"@id\":\"https:\/\/inscripciones.eduavance.com\/index.php\/producto\/diplomado-en-formacion-docente\/#primaryimage\",\"url\":\"https:\/\/inscripciones.eduavance.com\/wp-content\/uploads\/2021\/07\/poster-FD-UAEM-v3.png\",\"contentUrl\":\"https:\/\/inscripciones.eduavance.com\/wp-content\/uploads\/2021\/07\/poster-FD-UAEM-v3.png\",\"width\":617,\"height\":843},{\"@type\":\"BreadcrumbList\",\"@id\":\"https:\/\/inscripciones.eduavance.com\/index.php\/producto\/diplomado-en-formacion-docente\/#breadcrumb\",\"itemListElement\":[{\"@type\":\"ListItem\",\"position\":1,\"name\":\"Portada\",\"item\":\"https:\/\/inscripciones.eduavance.com\/\"},{\"@type\":\"ListItem\",\"position\":2,\"name\":\"Tienda\",\"item\":\"https:\/\/inscripciones.eduavance.com\/index.php\/tienda\/\"},{\"@type\":\"ListItem\",\"position\":3,\"name\":\"Diplomado en Formaci\u00f3n Docente &#8211; desde $4,500 MXN\"}]},{\"@type\":\"WebSite\",\"@id\":\"https:\/\/inscripciones.eduavance.com\/#website\",\"url\":\"https:\/\/inscripciones.eduavance.com\/\",\"name\":\"Grupo Avance Educativo | Eduavance\",\"description\":\"Servicios educativos para el Siglo XXI\",\"publisher\":{\"@id\":\"https:\/\/inscripciones.eduavance.com\/#organization\"},\"potentialAction\":[{\"@type\":\"SearchAction\",\"target\":{\"@type\":\"EntryPoint\",\"urlTemplate\":\"https:\/\/inscripciones.eduavance.com\/?s={search_term_string}\"},\"query-input\":{\"@type\":\"PropertyValueSpecification\",\"valueRequired\":true,\"valueName\":\"search_term_string\"}}],\"inLanguage\":\"es\"},{\"@type\":\"Organization\",\"@id\":\"https:\/\/inscripciones.eduavance.com\/#organization\",\"name\":\"Grupo Avance Educativo | Eduavance\",\"url\":\"https:\/\/inscripciones.eduavance.com\/\",\"logo\":{\"@type\":\"ImageObject\",\"inLanguage\":\"es\",\"@id\":\"https:\/\/inscripciones.eduavance.com\/#\/schema\/logo\/image\/\",\"url\":\"https:\/\/inscripciones.eduavance.com\/wp-content\/uploads\/2021\/07\/cropped-LogoBlack.png\",\"contentUrl\":\"https:\/\/inscripciones.eduavance.com\/wp-content\/uploads\/2021\/07\/cropped-LogoBlack.png\",\"width\":350,\"height\":68,\"caption\":\"Grupo Avance Educativo | Eduavance\"},\"image\":{\"@id\":\"https:\/\/inscripciones.eduavance.com\/#\/schema\/logo\/image\/\"},\"sameAs\":[\"https:\/\/www.facebook.com\/eduavance\",\"https:\/\/www.instagram.com\/eduavance\/\",\"https:\/\/www.youtube.com\/c\/CursosGAE\"]}]}<\/script>\n<!-- \/ Yoast SEO plugin. -->","yoast_head_json":{"title":"Diplomado en Formaci\u00f3n Docente - desde $4,500 MXN - Grupo Avance Educativo | Eduavance","description":"Grupo Avance Educativo | Eduavance Diplomado en Formaci\u00f3n Docente - desde $4,500 MXN -","robots":{"index":"index","follow":"follow","max-snippet":"max-snippet:-1","max-image-preview":"max-image-preview:large","max-video-preview":"max-video-preview:-1"},"canonical":"https:\/\/inscripciones.eduavance.com\/index.php\/producto\/diplomado-en-formacion-docente\/","og_locale":"es_ES","og_type":"article","og_title":"Diplomado en Formaci\u00f3n Docente - desde $4,500 MXN - Grupo Avance Educativo | Eduavance","og_description":"Grupo Avance Educativo | Eduavance Diplomado en Formaci\u00f3n Docente - desde $4,500 MXN -","og_url":"https:\/\/inscripciones.eduavance.com\/index.php\/producto\/diplomado-en-formacion-docente\/","og_site_name":"Grupo Avance Educativo | Eduavance","article_publisher":"https:\/\/www.facebook.com\/eduavance","article_modified_time":"2023-03-03T17:35:39+00:00","og_image":[{"width":617,"height":843,"url":"https:\/\/inscripciones.eduavance.com\/wp-content\/uploads\/2021\/07\/poster-FD-UAEM-v3.png","type":"image\/png"}],"twitter_card":"summary_large_image","twitter_misc":{"Tiempo de lectura":"1 minuto"},"schema":{"@context":"https:\/\/schema.org","@graph":[{"@type":"WebPage","@id":"https:\/\/inscripciones.eduavance.com\/index.php\/producto\/diplomado-en-formacion-docente\/","url":"https:\/\/inscripciones.eduavance.com\/index.php\/producto\/diplomado-en-formacion-docente\/","name":"Diplomado en Formaci\u00f3n Docente - desde $4,500 MXN - Grupo Avance Educativo | Eduavance","isPartOf":{"@id":"https:\/\/inscripciones.eduavance.com\/#website"},"primaryImageOfPage":{"@id":"https:\/\/inscripciones.eduavance.com\/index.php\/producto\/diplomado-en-formacion-docente\/#primaryimage"},"image":{"@id":"https:\/\/inscripciones.eduavance.com\/index.php\/producto\/diplomado-en-formacion-docente\/#primaryimage"},"thumbnailUrl":"https:\/\/inscripciones.eduavance.com\/wp-content\/uploads\/2021\/07\/poster-FD-UAEM-v3.png","datePublished":"2021-07-20T22:25:43+00:00","dateModified":"2023-03-03T17:35:39+00:00","description":"Grupo Avance Educativo | Eduavance Diplomado en Formaci\u00f3n Docente - desde $4,500 MXN -","breadcrumb":{"@id":"https:\/\/inscripciones.eduavance.com\/index.php\/producto\/diplomado-en-formacion-docente\/#breadcrumb"},"inLanguage":"es","potentialAction":[{"@type":"ReadAction","target":["https:\/\/inscripciones.eduavance.com\/index.php\/producto\/diplomado-en-formacion-docente\/"]}]},{"@type":"ImageObject","inLanguage":"es","@id":"https:\/\/inscripciones.eduavance.com\/index.php\/producto\/diplomado-en-formacion-docente\/#primaryimage","url":"https:\/\/inscripciones.eduavance.com\/wp-content\/uploads\/2021\/07\/poster-FD-UAEM-v3.png","contentUrl":"https:\/\/inscripciones.eduavance.com\/wp-content\/uploads\/2021\/07\/poster-FD-UAEM-v3.png","width":617,"height":843},{"@type":"BreadcrumbList","@id":"https:\/\/inscripciones.eduavance.com\/index.php\/producto\/diplomado-en-formacion-docente\/#breadcrumb","itemListElement":[{"@type":"ListItem","position":1,"name":"Portada","item":"https:\/\/inscripciones.eduavance.com\/"},{"@type":"ListItem","position":2,"name":"Tienda","item":"https:\/\/inscripciones.eduavance.com\/index.php\/tienda\/"},{"@type":"ListItem","position":3,"name":"Diplomado en Formaci\u00f3n Docente &#8211; desde $4,500 MXN"}]},{"@type":"WebSite","@id":"https:\/\/inscripciones.eduavance.com\/#website","url":"https:\/\/inscripciones.eduavance.com\/","name":"Grupo Avance Educativo | Eduavance","description":"Servicios educativos para el Siglo XXI","publisher":{"@id":"https:\/\/inscripciones.eduavance.com\/#organization"},"potentialAction":[{"@type":"SearchAction","target":{"@type":"EntryPoint","urlTemplate":"https:\/\/inscripciones.eduavance.com\/?s={search_term_string}"},"query-input":{"@type":"PropertyValueSpecification","valueRequired":true,"valueName":"search_term_string"}}],"inLanguage":"es"},{"@type":"Organization","@id":"https:\/\/inscripciones.eduavance.com\/#organization","name":"Grupo Avance Educativo | Eduavance","url":"https:\/\/inscripciones.eduavance.com\/","logo":{"@type":"ImageObject","inLanguage":"es","@id":"https:\/\/inscripciones.eduavance.com\/#\/schema\/logo\/image\/","url":"https:\/\/inscripciones.eduavance.com\/wp-content\/uploads\/2021\/07\/cropped-LogoBlack.png","contentUrl":"https:\/\/inscripciones.eduavance.com\/wp-content\/uploads\/2021\/07\/cropped-LogoBlack.png","width":350,"height":68,"caption":"Grupo Avance Educativo | Eduavance"},"image":{"@id":"https:\/\/inscripciones.eduavance.com\/#\/schema\/logo\/image\/"},"sameAs":["https:\/\/www.facebook.com\/eduavance","https:\/\/www.instagram.com\/eduavance\/","https:\/\/www.youtube.com\/c\/CursosGAE"]}]}},"jetpack_sharing_enabled":true,"_links":{"self":[{"href":"https:\/\/inscripciones.eduavance.com\/index.php\/wp-json\/wp\/v2\/product\/76","targetHints":{"allow":["GET"]}}],"collection":[{"href":"https:\/\/inscripciones.eduavance.com\/index.php\/wp-json\/wp\/v2\/product"}],"about":[{"href":"https:\/\/inscripciones.eduavance.com\/index.php\/wp-json\/wp\/v2\/types\/product"}],"replies":[{"embeddable":true,"href":"https:\/\/inscripciones.eduavance.com\/index.php\/wp-json\/wp\/v2\/comments?post=76"}],"wp:featuredmedia":[{"embeddable":true,"href":"https:\/\/inscripciones.eduavance.com\/index.php\/wp-json\/wp\/v2\/media\/253"}],"wp:attachment":[{"href":"https:\/\/inscripciones.eduavance.com\/index.php\/wp-json\/wp\/v2\/media?parent=76"}],"wp:term":[{"taxonomy":"product_brand","embeddable":true,"href":"https:\/\/inscripciones.eduavance.com\/index.php\/wp-json\/wp\/v2\/product_brand?post=76"},{"taxonomy":"product_cat","embeddable":true,"href":"https:\/\/inscripciones.eduavance.com\/index.php\/wp-json\/wp\/v2\/product_cat?post=76"},{"taxonomy":"product_tag","embeddable":true,"href":"https:\/\/inscripciones.eduavance.com\/index.php\/wp-json\/wp\/v2\/product_tag?post=76"}],"curies":[{"name":"wp","href":"https:\/\/api.w.org\/{rel}","templated":true}]}}