{"id":78,"date":"2021-07-20T22:44:48","date_gmt":"2021-07-20T22:44:48","guid":{"rendered":"https:\/\/inscripciones.eduavance.com\/wordpress\/?post_type=product&#038;p=78"},"modified":"2026-01-17T23:16:52","modified_gmt":"2026-01-17T23:16:52","slug":"diplomado-en-diseno-y-evaluacion","status":"publish","type":"product","link":"https:\/\/inscripciones.eduavance.com\/index.php\/producto\/diplomado-en-diseno-y-evaluacion\/","title":{"rendered":"Diplomado en Dise\u00f1o y Evaluaci\u00f3n de Secuencias Did\u00e1cticas &#8211; $4,100 MXN"},"content":{"rendered":"<p>Horas: 180<br \/>\nModalidad: Virtual asincr\u00f3nica. Contar\u00e1 con el apoyo de un tutor, asincr\u00f3nico, para consulta de dudas y retroalimentaci\u00f3n.<\/p>\n<p>Una vez iniciado el diplomado, el participante contar\u00e1 con 6 meses para completar todas las actividades y en su caso obtener su diploma al acreditar al menos el 80% de las actividades.<\/p>\n<p>PR\u00d3XIMA EDICI\u00d3N: programa activo de manera permanente en modalidad virtual asincr\u00f3nica.<\/p>\n","protected":false},"excerpt":{"rendered":"<p>Horas: 180<br \/>\nModalidad: Virtual asincr\u00f3nica. Contar\u00e1 con el apoyo de un tutor, asincr\u00f3nico, para consulta de dudas y retroalimentaci\u00f3n.<\/p>\n<p>Una vez iniciado el diplomado, el participante contar\u00e1 con 6 meses para completar todas las actividades y en su caso obtener su diploma al acreditar al menos el 80% de las actividades.<\/p>\n<p>PR\u00d3XIMA EDICI\u00d3N: programa activo de manera permanente en modalidad virtual asincr\u00f3nica.<\/p>\n<p>COMPETENCIAS:<\/p>\n<ol>\n<li id=\"yui_3_17_2_1_1643857505607_41\">Dise\u00f1ar secuencias did\u00e1cticas por competencias con el prop\u00f3sito de promover aprendizajes significativos y situados.<\/li>\n<li id=\"yui_3_17_2_1_1643857505607_47\">Integrar en laplaneaci\u00f3n did\u00e1ctica el paradigma de la evaluaci\u00f3n para el aprendizaje, con vistas a utilizar el error y la retroalimentaci\u00f3n efectiva como herramientas para detonar procesos metacognitivos.<\/li>\n<li id=\"yui_3_17_2_1_1643857505607_48\">Aplicar tecnolog\u00edas novedosas para resumir las competencias adquiridas.<\/li>\n<\/ol>\n<p>TEMAS<\/p>\n<ol>\n<li>Las competencias.<\/li>\n<li>La tarea integradora y los criterios de evaluaci\u00f3n.<\/li>\n<li>Las actividades y recursos.<\/li>\n<li>Diferenciando la evaluaci\u00f3n del y para el aprendizaje.<\/li>\n<li>Diferenciando la medici\u00f3n de la evaluaci\u00f3n.<\/li>\n<li>Instrumentos para la medici\u00f3n y la evaluaci\u00f3n de los aprendizajes.<\/li>\n<li>Dise\u00f1ando secuencias did\u00e1cticas por competencias.<\/li>\n<\/ol>\n<p><a href=\"https:\/\/inscripciones.eduavance.com\/wp-content\/uploads\/2023\/03\/PROGRAMA-DIPLOMADO-DISENO-Y-EVALUACION-DE-SECUENCIAS-DIDACTICAS-POR-COMPETENCIAS-asincronico.pdf\" target=\"_blank\" rel=\"noopener\">Ver programa completo<\/a><\/p>\n<p>&nbsp;<\/p>\n","protected":false},"featured_media":218,"comment_status":"closed","ping_status":"closed","template":"","meta":{"site-sidebar-layout":"default","site-content-layout":"default","ast-global-header-display":"","ast-main-header-display":"","ast-hfb-above-header-display":"","ast-hfb-below-header-display":"","ast-hfb-mobile-header-display":"","site-post-title":"","ast-breadcrumbs-content":"","ast-featured-img":"","footer-sml-layout":"","theme-transparent-header-meta":"default","adv-header-id-meta":"","stick-header-meta":"","header-above-stick-meta":"","header-main-stick-meta":"","header-below-stick-meta":""},"product_brand":[],"product_cat":[15],"product_tag":[],"class_list":{"0":"post-78","1":"product","2":"type-product","3":"status-publish","4":"has-post-thumbnail","6":"product_cat-cursos","7":"desktop-align-left","8":"tablet-align-left","9":"mobile-align-left","11":"first","12":"instock","13":"sale","14":"sold-individually","15":"shipping-taxable","16":"purchasable","17":"product-type-variable"},"yoast_head":"<!-- This site is optimized with the Yoast SEO plugin v25.4 - https:\/\/yoast.com\/wordpress\/plugins\/seo\/ -->\n<title>Diplomado en Dise\u00f1o y Evaluaci\u00f3n de Secuencias Did\u00e1cticas - $4,100 MXN - %<\/title>\n<meta name=\"description\" content=\"Grupo Avance Educativo | Eduavance Diplomado en Dise\u00f1o y Evaluaci\u00f3n de Secuencias Did\u00e1cticas - $4,100 MXN -\" \/>\n<meta name=\"robots\" content=\"index, follow, max-snippet:-1, max-image-preview:large, max-video-preview:-1\" \/>\n<link rel=\"canonical\" href=\"https:\/\/inscripciones.eduavance.com\/index.php\/producto\/diplomado-en-diseno-y-evaluacion\/\" \/>\n<meta property=\"og:locale\" content=\"es_ES\" \/>\n<meta property=\"og:type\" content=\"article\" \/>\n<meta property=\"og:title\" content=\"Diplomado en Dise\u00f1o y Evaluaci\u00f3n de Secuencias Did\u00e1cticas - $4,100 MXN - %\" \/>\n<meta property=\"og:description\" content=\"Grupo Avance Educativo | Eduavance Diplomado en Dise\u00f1o y Evaluaci\u00f3n de Secuencias Did\u00e1cticas - $4,100 MXN -\" \/>\n<meta property=\"og:url\" content=\"https:\/\/inscripciones.eduavance.com\/index.php\/producto\/diplomado-en-diseno-y-evaluacion\/\" \/>\n<meta property=\"og:site_name\" content=\"Grupo Avance Educativo | Eduavance\" \/>\n<meta property=\"article:publisher\" content=\"https:\/\/www.facebook.com\/eduavance\" \/>\n<meta property=\"article:modified_time\" content=\"2026-01-17T23:16:52+00:00\" \/>\n<meta property=\"og:image\" content=\"https:\/\/inscripciones.eduavance.com\/wp-content\/uploads\/2022\/02\/CARTEL-DDESD10-876x1024.png\" \/>\n\t<meta property=\"og:image:width\" content=\"876\" \/>\n\t<meta property=\"og:image:height\" content=\"1024\" \/>\n\t<meta property=\"og:image:type\" content=\"image\/png\" \/>\n<meta name=\"twitter:card\" content=\"summary_large_image\" \/>\n<meta name=\"twitter:label1\" content=\"Tiempo de lectura\" \/>\n\t<meta name=\"twitter:data1\" content=\"1 minuto\" \/>\n<script type=\"application\/ld+json\" class=\"yoast-schema-graph\">{\"@context\":\"https:\/\/schema.org\",\"@graph\":[{\"@type\":\"WebPage\",\"@id\":\"https:\/\/inscripciones.eduavance.com\/index.php\/producto\/diplomado-en-diseno-y-evaluacion\/\",\"url\":\"https:\/\/inscripciones.eduavance.com\/index.php\/producto\/diplomado-en-diseno-y-evaluacion\/\",\"name\":\"Diplomado en Dise\u00f1o y Evaluaci\u00f3n de Secuencias Did\u00e1cticas - $4,100 MXN - %\",\"isPartOf\":{\"@id\":\"https:\/\/inscripciones.eduavance.com\/#website\"},\"primaryImageOfPage\":{\"@id\":\"https:\/\/inscripciones.eduavance.com\/index.php\/producto\/diplomado-en-diseno-y-evaluacion\/#primaryimage\"},\"image\":{\"@id\":\"https:\/\/inscripciones.eduavance.com\/index.php\/producto\/diplomado-en-diseno-y-evaluacion\/#primaryimage\"},\"thumbnailUrl\":\"https:\/\/inscripciones.eduavance.com\/wp-content\/uploads\/2022\/02\/CARTEL-DDESD10.png\",\"datePublished\":\"2021-07-20T22:44:48+00:00\",\"dateModified\":\"2026-01-17T23:16:52+00:00\",\"description\":\"Grupo Avance Educativo | Eduavance Diplomado en Dise\u00f1o y Evaluaci\u00f3n de Secuencias Did\u00e1cticas - $4,100 MXN -\",\"breadcrumb\":{\"@id\":\"https:\/\/inscripciones.eduavance.com\/index.php\/producto\/diplomado-en-diseno-y-evaluacion\/#breadcrumb\"},\"inLanguage\":\"es\",\"potentialAction\":[{\"@type\":\"ReadAction\",\"target\":[\"https:\/\/inscripciones.eduavance.com\/index.php\/producto\/diplomado-en-diseno-y-evaluacion\/\"]}]},{\"@type\":\"ImageObject\",\"inLanguage\":\"es\",\"@id\":\"https:\/\/inscripciones.eduavance.com\/index.php\/producto\/diplomado-en-diseno-y-evaluacion\/#primaryimage\",\"url\":\"https:\/\/inscripciones.eduavance.com\/wp-content\/uploads\/2022\/02\/CARTEL-DDESD10.png\",\"contentUrl\":\"https:\/\/inscripciones.eduavance.com\/wp-content\/uploads\/2022\/02\/CARTEL-DDESD10.png\",\"width\":2189,\"height\":2560},{\"@type\":\"BreadcrumbList\",\"@id\":\"https:\/\/inscripciones.eduavance.com\/index.php\/producto\/diplomado-en-diseno-y-evaluacion\/#breadcrumb\",\"itemListElement\":[{\"@type\":\"ListItem\",\"position\":1,\"name\":\"Portada\",\"item\":\"https:\/\/inscripciones.eduavance.com\/\"},{\"@type\":\"ListItem\",\"position\":2,\"name\":\"Tienda\",\"item\":\"https:\/\/inscripciones.eduavance.com\/index.php\/tienda\/\"},{\"@type\":\"ListItem\",\"position\":3,\"name\":\"Diplomado en Dise\u00f1o y Evaluaci\u00f3n de Secuencias Did\u00e1cticas &#8211; $4,100 MXN\"}]},{\"@type\":\"WebSite\",\"@id\":\"https:\/\/inscripciones.eduavance.com\/#website\",\"url\":\"https:\/\/inscripciones.eduavance.com\/\",\"name\":\"Grupo Avance Educativo | Eduavance\",\"description\":\"Servicios educativos para el Siglo XXI\",\"publisher\":{\"@id\":\"https:\/\/inscripciones.eduavance.com\/#organization\"},\"potentialAction\":[{\"@type\":\"SearchAction\",\"target\":{\"@type\":\"EntryPoint\",\"urlTemplate\":\"https:\/\/inscripciones.eduavance.com\/?s={search_term_string}\"},\"query-input\":{\"@type\":\"PropertyValueSpecification\",\"valueRequired\":true,\"valueName\":\"search_term_string\"}}],\"inLanguage\":\"es\"},{\"@type\":\"Organization\",\"@id\":\"https:\/\/inscripciones.eduavance.com\/#organization\",\"name\":\"Grupo Avance Educativo | Eduavance\",\"url\":\"https:\/\/inscripciones.eduavance.com\/\",\"logo\":{\"@type\":\"ImageObject\",\"inLanguage\":\"es\",\"@id\":\"https:\/\/inscripciones.eduavance.com\/#\/schema\/logo\/image\/\",\"url\":\"https:\/\/inscripciones.eduavance.com\/wp-content\/uploads\/2021\/07\/cropped-LogoBlack.png\",\"contentUrl\":\"https:\/\/inscripciones.eduavance.com\/wp-content\/uploads\/2021\/07\/cropped-LogoBlack.png\",\"width\":350,\"height\":68,\"caption\":\"Grupo Avance Educativo | Eduavance\"},\"image\":{\"@id\":\"https:\/\/inscripciones.eduavance.com\/#\/schema\/logo\/image\/\"},\"sameAs\":[\"https:\/\/www.facebook.com\/eduavance\",\"https:\/\/www.instagram.com\/eduavance\/\",\"https:\/\/www.youtube.com\/c\/CursosGAE\"]}]}<\/script>\n<!-- \/ Yoast SEO plugin. -->","yoast_head_json":{"title":"Diplomado en Dise\u00f1o y Evaluaci\u00f3n de Secuencias Did\u00e1cticas - $4,100 MXN - %","description":"Grupo Avance Educativo | Eduavance Diplomado en Dise\u00f1o y Evaluaci\u00f3n de Secuencias Did\u00e1cticas - $4,100 MXN -","robots":{"index":"index","follow":"follow","max-snippet":"max-snippet:-1","max-image-preview":"max-image-preview:large","max-video-preview":"max-video-preview:-1"},"canonical":"https:\/\/inscripciones.eduavance.com\/index.php\/producto\/diplomado-en-diseno-y-evaluacion\/","og_locale":"es_ES","og_type":"article","og_title":"Diplomado en Dise\u00f1o y Evaluaci\u00f3n de Secuencias Did\u00e1cticas - $4,100 MXN - %","og_description":"Grupo Avance Educativo | Eduavance Diplomado en Dise\u00f1o y Evaluaci\u00f3n de Secuencias Did\u00e1cticas - $4,100 MXN -","og_url":"https:\/\/inscripciones.eduavance.com\/index.php\/producto\/diplomado-en-diseno-y-evaluacion\/","og_site_name":"Grupo Avance Educativo | Eduavance","article_publisher":"https:\/\/www.facebook.com\/eduavance","article_modified_time":"2026-01-17T23:16:52+00:00","og_image":[{"width":876,"height":1024,"url":"https:\/\/inscripciones.eduavance.com\/wp-content\/uploads\/2022\/02\/CARTEL-DDESD10-876x1024.png","type":"image\/png"}],"twitter_card":"summary_large_image","twitter_misc":{"Tiempo de lectura":"1 minuto"},"schema":{"@context":"https:\/\/schema.org","@graph":[{"@type":"WebPage","@id":"https:\/\/inscripciones.eduavance.com\/index.php\/producto\/diplomado-en-diseno-y-evaluacion\/","url":"https:\/\/inscripciones.eduavance.com\/index.php\/producto\/diplomado-en-diseno-y-evaluacion\/","name":"Diplomado en Dise\u00f1o y Evaluaci\u00f3n de Secuencias Did\u00e1cticas - $4,100 MXN - %","isPartOf":{"@id":"https:\/\/inscripciones.eduavance.com\/#website"},"primaryImageOfPage":{"@id":"https:\/\/inscripciones.eduavance.com\/index.php\/producto\/diplomado-en-diseno-y-evaluacion\/#primaryimage"},"image":{"@id":"https:\/\/inscripciones.eduavance.com\/index.php\/producto\/diplomado-en-diseno-y-evaluacion\/#primaryimage"},"thumbnailUrl":"https:\/\/inscripciones.eduavance.com\/wp-content\/uploads\/2022\/02\/CARTEL-DDESD10.png","datePublished":"2021-07-20T22:44:48+00:00","dateModified":"2026-01-17T23:16:52+00:00","description":"Grupo Avance Educativo | Eduavance Diplomado en Dise\u00f1o y Evaluaci\u00f3n de Secuencias Did\u00e1cticas - $4,100 MXN -","breadcrumb":{"@id":"https:\/\/inscripciones.eduavance.com\/index.php\/producto\/diplomado-en-diseno-y-evaluacion\/#breadcrumb"},"inLanguage":"es","potentialAction":[{"@type":"ReadAction","target":["https:\/\/inscripciones.eduavance.com\/index.php\/producto\/diplomado-en-diseno-y-evaluacion\/"]}]},{"@type":"ImageObject","inLanguage":"es","@id":"https:\/\/inscripciones.eduavance.com\/index.php\/producto\/diplomado-en-diseno-y-evaluacion\/#primaryimage","url":"https:\/\/inscripciones.eduavance.com\/wp-content\/uploads\/2022\/02\/CARTEL-DDESD10.png","contentUrl":"https:\/\/inscripciones.eduavance.com\/wp-content\/uploads\/2022\/02\/CARTEL-DDESD10.png","width":2189,"height":2560},{"@type":"BreadcrumbList","@id":"https:\/\/inscripciones.eduavance.com\/index.php\/producto\/diplomado-en-diseno-y-evaluacion\/#breadcrumb","itemListElement":[{"@type":"ListItem","position":1,"name":"Portada","item":"https:\/\/inscripciones.eduavance.com\/"},{"@type":"ListItem","position":2,"name":"Tienda","item":"https:\/\/inscripciones.eduavance.com\/index.php\/tienda\/"},{"@type":"ListItem","position":3,"name":"Diplomado en Dise\u00f1o y Evaluaci\u00f3n de Secuencias Did\u00e1cticas &#8211; $4,100 MXN"}]},{"@type":"WebSite","@id":"https:\/\/inscripciones.eduavance.com\/#website","url":"https:\/\/inscripciones.eduavance.com\/","name":"Grupo Avance Educativo | Eduavance","description":"Servicios educativos para el Siglo XXI","publisher":{"@id":"https:\/\/inscripciones.eduavance.com\/#organization"},"potentialAction":[{"@type":"SearchAction","target":{"@type":"EntryPoint","urlTemplate":"https:\/\/inscripciones.eduavance.com\/?s={search_term_string}"},"query-input":{"@type":"PropertyValueSpecification","valueRequired":true,"valueName":"search_term_string"}}],"inLanguage":"es"},{"@type":"Organization","@id":"https:\/\/inscripciones.eduavance.com\/#organization","name":"Grupo Avance Educativo | Eduavance","url":"https:\/\/inscripciones.eduavance.com\/","logo":{"@type":"ImageObject","inLanguage":"es","@id":"https:\/\/inscripciones.eduavance.com\/#\/schema\/logo\/image\/","url":"https:\/\/inscripciones.eduavance.com\/wp-content\/uploads\/2021\/07\/cropped-LogoBlack.png","contentUrl":"https:\/\/inscripciones.eduavance.com\/wp-content\/uploads\/2021\/07\/cropped-LogoBlack.png","width":350,"height":68,"caption":"Grupo Avance Educativo | Eduavance"},"image":{"@id":"https:\/\/inscripciones.eduavance.com\/#\/schema\/logo\/image\/"},"sameAs":["https:\/\/www.facebook.com\/eduavance","https:\/\/www.instagram.com\/eduavance\/","https:\/\/www.youtube.com\/c\/CursosGAE"]}]}},"jetpack_sharing_enabled":true,"_links":{"self":[{"href":"https:\/\/inscripciones.eduavance.com\/index.php\/wp-json\/wp\/v2\/product\/78","targetHints":{"allow":["GET"]}}],"collection":[{"href":"https:\/\/inscripciones.eduavance.com\/index.php\/wp-json\/wp\/v2\/product"}],"about":[{"href":"https:\/\/inscripciones.eduavance.com\/index.php\/wp-json\/wp\/v2\/types\/product"}],"replies":[{"embeddable":true,"href":"https:\/\/inscripciones.eduavance.com\/index.php\/wp-json\/wp\/v2\/comments?post=78"}],"wp:featuredmedia":[{"embeddable":true,"href":"https:\/\/inscripciones.eduavance.com\/index.php\/wp-json\/wp\/v2\/media\/218"}],"wp:attachment":[{"href":"https:\/\/inscripciones.eduavance.com\/index.php\/wp-json\/wp\/v2\/media?parent=78"}],"wp:term":[{"taxonomy":"product_brand","embeddable":true,"href":"https:\/\/inscripciones.eduavance.com\/index.php\/wp-json\/wp\/v2\/product_brand?post=78"},{"taxonomy":"product_cat","embeddable":true,"href":"https:\/\/inscripciones.eduavance.com\/index.php\/wp-json\/wp\/v2\/product_cat?post=78"},{"taxonomy":"product_tag","embeddable":true,"href":"https:\/\/inscripciones.eduavance.com\/index.php\/wp-json\/wp\/v2\/product_tag?post=78"}],"curies":[{"name":"wp","href":"https:\/\/api.w.org\/{rel}","templated":true}]}}